{"id":406,"date":"2024-08-22T09:41:25","date_gmt":"2024-08-22T09:41:25","guid":{"rendered":"https:\/\/www.impara-learning.de\/cms\/?page_id=406"},"modified":"2024-08-30T09:02:20","modified_gmt":"2024-08-30T09:02:20","slug":"impressum","status":"publish","type":"page","link":"https:\/\/www.impara-learning.de\/?page_id=406","title":{"rendered":"Impressum"},"content":{"rendered":"\t\t<div data-elementor-type=\"wp-page\" data-elementor-id=\"406\" class=\"elementor elementor-406\" data-elementor-post-type=\"page\">\n\t\t\t\t<div class=\"elementor-element elementor-element-35d52562 e-flex e-con-boxed e-con e-parent\" data-id=\"35d52562\" data-element_type=\"container\" data-settings=\"{&quot;background_background&quot;:&quot;classic&quot;}\">\n\t\t\t\t\t<div class=\"e-con-inner\">\n\t\t\t\t<div class=\"elementor-element elementor-element-24a0b1c4 elementor-invisible elementor-widget elementor-widget-heading\" data-id=\"24a0b1c4\" data-element_type=\"widget\" data-settings=\"{&quot;_animation&quot;:&quot;fadeIn&quot;}\" data-widget_type=\"heading.default\">\n\t\t\t\t<div class=\"elementor-widget-container\">\n\t\t\t<h1 class=\"elementor-heading-title elementor-size-default\">Impressum<\/h1>\t\t<\/div>\n\t\t\t\t<\/div>\n\t\t\t\t<div class=\"elementor-element elementor-element-8ee9d2 elementor-fixed animated-slow elementor-hidden-mobile elementor-view-default elementor-invisible elementor-widget elementor-widget-icon\" data-id=\"8ee9d2\" data-element_type=\"widget\" data-settings=\"{&quot;_position&quot;:&quot;fixed&quot;,&quot;_animation&quot;:&quot;fadeIn&quot;,&quot;_animation_delay&quot;:1800}\" data-widget_type=\"icon.default\">\n\t\t\t\t<div class=\"elementor-widget-container\">\n\t\t\t\t\t<div class=\"elementor-icon-wrapper\">\n\t\t\t<a class=\"elementor-icon elementor-animation-grow\" href=\"#elementor-action%3Aaction%3Dpopup%3Aopen%26settings%3DeyJpZCI6MTk0LCJ0b2dnbGUiOmZhbHNlfQ%3D%3D\">\n\t\t\t<svg xmlns=\"http:\/\/www.w3.org\/2000\/svg\" viewBox=\"0 0 70 70\"><path fill-rule=\"evenodd\" clip-rule=\"evenodd\" d=\"M27.862 29.5h14.786c.752 0 1.362.61 1.362 1.362v.361l-8.909 3.62-8.601-3.494v-.487c0-.752.61-1.362 1.362-1.362ZM26.5 32.968v7.17c0 .752.61 1.362 1.362 1.362h14.786c.752 0 1.362-.61 1.362-1.362v-7.296l-8.627 3.505-.282.115-.282-.115-8.319-3.38ZM25 30.862A2.862 2.862 0 0 1 27.862 28h14.786a2.862 2.862 0 0 1 2.862 2.862v9.276A2.862 2.862 0 0 1 42.648 43H27.862A2.862 2.862 0 0 1 25 40.138v-9.276Z\"><\/path><\/svg>\t\t\t<\/a>\n\t\t<\/div>\n\t\t\t\t<\/div>\n\t\t\t\t<\/div>\n\t\t\t\t\t<\/div>\n\t\t\t\t<\/div>\n\t\t<div class=\"elementor-element elementor-element-2ea98fc8 e-flex e-con-boxed e-con e-parent\" data-id=\"2ea98fc8\" data-element_type=\"container\" data-settings=\"{&quot;background_background&quot;:&quot;classic&quot;}\">\n\t\t\t\t\t<div class=\"e-con-inner\">\n\t\t\t\t<div class=\"elementor-element elementor-element-5df3a304 elementor-widget elementor-widget-text-editor\" data-id=\"5df3a304\" data-element_type=\"widget\" data-widget_type=\"text-editor.default\">\n\t\t\t\t<div class=\"elementor-widget-container\">\n\t\t\t\t\t\t\t<p><strong style=\"color: var( --e-global-color-text ); font-family: var( --e-global-typography-text-font-family ), Sans-serif; font-size: var( --e-global-typography-text-font-size ); font-style: var( --e-global-typography-text-font-style ); letter-spacing: var( --e-global-typography-text-letter-spacing ); text-transform: var( --e-global-typography-text-text-transform ); word-spacing: var( --e-global-typography-text-word-spacing ); background-color: var( --e-global-color-43e86c6 );\">impara consulting &amp; learning solutions<\/strong><br><\/p>\n<p>Moselweg 35<br><span style=\"color: var( --e-global-color-text ); font-family: var( --e-global-typography-text-font-family ), Sans-serif; font-size: var( --e-global-typography-text-font-size ); font-style: var( --e-global-typography-text-font-style ); font-weight: var( --e-global-typography-text-font-weight ); letter-spacing: var( --e-global-typography-text-letter-spacing ); text-transform: var( --e-global-typography-text-text-transform ); word-spacing: var( --e-global-typography-text-word-spacing ); background-color: var( --e-global-color-43e86c6 );\">53347 Alfter<br><\/span><span style=\"color: var( --e-global-color-text ); font-family: var( --e-global-typography-text-font-family ), Sans-serif; font-size: var( --e-global-typography-text-font-size ); font-style: var( --e-global-typography-text-font-style ); font-weight: var( --e-global-typography-text-font-weight ); letter-spacing: var( --e-global-typography-text-letter-spacing ); text-transform: var( --e-global-typography-text-text-transform ); word-spacing: var( --e-global-typography-text-word-spacing ); background-color: var( --e-global-color-43e86c6 );\">contact@impara-learning.de<\/span><\/p>\n<p><a href=\"http:\/\/www.impara-learning.de\">www.impara-learning.de<\/a><\/p>\n<p>Tel. +49 173 6138697<\/p>\n<p>Steuernummer 222\/5339\/2125<br>Finanzamt Sankt Augustin<\/p>\n<p><\/p>\n<p><strong>HAFTUNGSAUSCHLUSS<\/strong><\/p>\n<p>Die Angaben auf der Website von <strong>impara consulting &amp; learning solutions<\/strong> wurden sorgf\u00e4ltig gepr\u00fcft. Dennoch kann keine Garantie f\u00fcr deren Richtigkeit und Aktualit\u00e4t \u00fcbernommen werden. F\u00fcr Beitr\u00e4ge Dritter wird jede Haftung und Verantwortung ausgeschlossen. Als Dienstleister und -anbieter sind wir gem\u00e4\u00df \u00a7 7 Abs.1 TMG f\u00fcr eigene Inhalte auf diesen Seiten nach den allgemeinen Gesetzen verantwortlich. Nach \u00a7\u00a7 8 bis 10 TMG sind wir jedoch nicht verpflichtet, \u00fcbermittelte oder gespeicherte fremde Informationen zu \u00fcberwachen oder nach Umst\u00e4nden zu forschen, die auf eine rechtswidrige T\u00e4tigkeit hinweisen. Verpflichtungen zur Entfernung oder Sperrung der Nutzung von Informationen nach den allgemeinen Gesetzen bleiben hiervon unber\u00fchrt. Eine diesbez\u00fcgliche Haftung ist jedoch erst ab dem Zeitpunkt der Kenntnis einer konkreten Rechtsverletzung m\u00f6glich. Bei Bekanntwerden von entsprechenden Rechtsverletzungen werden wir diese Inhalte umgehend entfernen.<\/p>\n<p><strong>URHEBERRECHT<\/strong><\/p>\n<p>Alle Rechte der auf dieser Seite ver\u00f6ffentlichten Inhalte, Mediendaten, Grafiken und Texte liegen bei der <strong>impara consulting &amp; learning solutions<\/strong> oder den tats\u00e4chlichen Urhebern, die uns diese zur Ver\u00f6ffentlichung zur Verf\u00fcgung gestellt haben. Kopien, Abdrucke, Vervielf\u00e4ltigung und digitale Weitergabe von Inhalten dieser Seite sind nur mit der ausdr\u00fccklichen Genehmigung der <strong>impara consulting &amp; learning solutions<\/strong> oder dem Inhaber der tats\u00e4chlichen Urheberrechte erlaubt. Sollten Sie auf eine Urheberrechtsverletzung durch uns aufmerksam werden, bitten wir um einen entsprechenden Hinweis. Nach Bekanntwerden von etwaigen Rechtsverletzungen werden wir die Inhalte umgehend von unseren Seiten entfernen.<\/p>\n<p><strong>NUTZUNG<\/strong><\/p>\n<p>Die Nutzung des Internets erfolgt auf eigene Gefahr des Nutzers. <strong>Impara consulting &amp; learning solutions<\/strong> haftet vor allem nicht f\u00fcr den technisch bedingten Ausfall des Internets, bzw. den Zugang zum Internet.<\/p>\t\t\t\t\t\t<\/div>\n\t\t\t\t<\/div>\n\t\t\t\t\t<\/div>\n\t\t\t\t<\/div>\n\t\t\t\t<\/div>\n\t\t","protected":false},"excerpt":{"rendered":"<p>Impressum impara consulting &amp; learning solutions Moselweg 3553347 Alftercontact@impara-learning.de www.impara-learning.de Tel. +49 173 6138697 Steuernummer 222\/5339\/2125Finanzamt Sankt Augustin HAFTUNGSAUSCHLUSS Die Angaben auf der Website von impara consulting &amp; learning solutions wurden sorgf\u00e4ltig gepr\u00fcft. Dennoch kann keine Garantie f\u00fcr deren Richtigkeit und Aktualit\u00e4t \u00fcbernommen werden. F\u00fcr Beitr\u00e4ge Dritter wird jede Haftung und Verantwortung ausgeschlossen. Als Dienstleister [&hellip;]<\/p>\n","protected":false},"author":2,"featured_media":0,"parent":0,"menu_order":0,"comment_status":"closed","ping_status":"closed","template":"elementor_header_footer","meta":{"footnotes":""},"class_list":["post-406","page","type-page","status-publish","hentry"],"yoast_head":"<!-- This site is optimized with the Yoast SEO plugin v23.5 - https:\/\/yoast.com\/wordpress\/plugins\/seo\/ -->\n<title>Impressum - impara-learning<\/title>\n<meta name=\"description\" content=\"Wir bieten ganzheitliche L\u00f6sungen, um mit modernen, digitalen Lernmethoden, Systemen und Services ihr Unternehmen erfolgreicher zu machen. Wir helfen dabei, das im Unternehmen vorhandene Wissen zentral und zielgerichtet verf\u00fcgbar zu machen, denn niemand wei\u00df mehr als die Menschen, die schon im Unternehmen sind.\" \/>\n<meta name=\"robots\" content=\"index, follow, max-snippet:-1, max-image-preview:large, max-video-preview:-1\" \/>\n<link rel=\"canonical\" href=\"https:\/\/www.impara-learning.de\/?page_id=406\" \/>\n<meta property=\"og:locale\" content=\"de_DE\" \/>\n<meta property=\"og:type\" content=\"article\" \/>\n<meta property=\"og:title\" content=\"Impressum - impara-learning\" \/>\n<meta property=\"og:description\" content=\"Wir bieten ganzheitliche L\u00f6sungen, um mit modernen, digitalen Lernmethoden, Systemen und Services ihr Unternehmen erfolgreicher zu machen. Wir helfen dabei, das im Unternehmen vorhandene Wissen zentral und zielgerichtet verf\u00fcgbar zu machen, denn niemand wei\u00df mehr als die Menschen, die schon im Unternehmen sind.\" \/>\n<meta property=\"og:url\" content=\"https:\/\/www.impara-learning.de\/?page_id=406\" \/>\n<meta property=\"og:site_name\" content=\"impara-learning\" \/>\n<meta property=\"article:modified_time\" content=\"2024-08-30T09:02:20+00:00\" \/>\n<meta property=\"og:image\" content=\"https:\/\/www.impara-learning.de\/wp-content\/uploads\/2024\/08\/web-bild.png\" \/>\n\t<meta property=\"og:image:width\" content=\"1200\" \/>\n\t<meta property=\"og:image:height\" content=\"675\" \/>\n\t<meta property=\"og:image:type\" content=\"image\/png\" \/>\n<meta name=\"twitter:card\" content=\"summary_large_image\" \/>\n<meta name=\"twitter:label1\" content=\"Gesch\u00e4tzte Lesezeit\" \/>\n\t<meta name=\"twitter:data1\" content=\"1\u00a0Minute\" \/>\n<script type=\"application\/ld+json\" class=\"yoast-schema-graph\">{\"@context\":\"https:\/\/schema.org\",\"@graph\":[{\"@type\":\"WebPage\",\"@id\":\"https:\/\/www.impara-learning.de\/?page_id=406\",\"url\":\"https:\/\/www.impara-learning.de\/?page_id=406\",\"name\":\"Impressum - impara-learning\",\"isPartOf\":{\"@id\":\"https:\/\/www.impara-learning.de\/#website\"},\"datePublished\":\"2024-08-22T09:41:25+00:00\",\"dateModified\":\"2024-08-30T09:02:20+00:00\",\"description\":\"Wir bieten ganzheitliche L\u00f6sungen, um mit modernen, digitalen Lernmethoden, Systemen und Services ihr Unternehmen erfolgreicher zu machen. Wir helfen dabei, das im Unternehmen vorhandene Wissen zentral und zielgerichtet verf\u00fcgbar zu machen, denn niemand wei\u00df mehr als die Menschen, die schon im Unternehmen sind.\",\"breadcrumb\":{\"@id\":\"https:\/\/www.impara-learning.de\/?page_id=406#breadcrumb\"},\"inLanguage\":\"de\",\"potentialAction\":[{\"@type\":\"ReadAction\",\"target\":[\"https:\/\/www.impara-learning.de\/?page_id=406\"]}]},{\"@type\":\"BreadcrumbList\",\"@id\":\"https:\/\/www.impara-learning.de\/?page_id=406#breadcrumb\",\"itemListElement\":[{\"@type\":\"ListItem\",\"position\":1,\"name\":\"Startseite\",\"item\":\"https:\/\/www.impara-learning.de\/\"},{\"@type\":\"ListItem\",\"position\":2,\"name\":\"Impressum\"}]},{\"@type\":\"WebSite\",\"@id\":\"https:\/\/www.impara-learning.de\/#website\",\"url\":\"https:\/\/www.impara-learning.de\/\",\"name\":\"impara-learning\",\"description\":\"consulting &amp; learning solutions\",\"publisher\":{\"@id\":\"https:\/\/www.impara-learning.de\/#organization\"},\"potentialAction\":[{\"@type\":\"SearchAction\",\"target\":{\"@type\":\"EntryPoint\",\"urlTemplate\":\"https:\/\/www.impara-learning.de\/?s={search_term_string}\"},\"query-input\":{\"@type\":\"PropertyValueSpecification\",\"valueRequired\":true,\"valueName\":\"search_term_string\"}}],\"inLanguage\":\"de\"},{\"@type\":\"Organization\",\"@id\":\"https:\/\/www.impara-learning.de\/#organization\",\"name\":\"impara-learning\",\"url\":\"https:\/\/www.impara-learning.de\/\",\"logo\":{\"@type\":\"ImageObject\",\"inLanguage\":\"de\",\"@id\":\"https:\/\/www.impara-learning.de\/#\/schema\/logo\/image\/\",\"url\":\"https:\/\/www.impara-learning.de\/wp-content\/uploads\/2024\/08\/logo-1-e1724282449387.png\",\"contentUrl\":\"https:\/\/www.impara-learning.de\/wp-content\/uploads\/2024\/08\/logo-1-e1724282449387.png\",\"width\":216,\"height\":51,\"caption\":\"impara-learning\"},\"image\":{\"@id\":\"https:\/\/www.impara-learning.de\/#\/schema\/logo\/image\/\"},\"sameAs\":[\"https:\/\/www.linkedin.com\/company\/impara-consulting-learning-solutions\/?viewAsMember=true\"]}]}<\/script>\n<!-- \/ Yoast SEO plugin. -->","yoast_head_json":{"title":"Impressum - impara-learning","description":"Wir bieten ganzheitliche L\u00f6sungen, um mit modernen, digitalen Lernmethoden, Systemen und Services ihr Unternehmen erfolgreicher zu machen. Wir helfen dabei, das im Unternehmen vorhandene Wissen zentral und zielgerichtet verf\u00fcgbar zu machen, denn niemand wei\u00df mehr als die Menschen, die schon im Unternehmen sind.","robots":{"index":"index","follow":"follow","max-snippet":"max-snippet:-1","max-image-preview":"max-image-preview:large","max-video-preview":"max-video-preview:-1"},"canonical":"https:\/\/www.impara-learning.de\/?page_id=406","og_locale":"de_DE","og_type":"article","og_title":"Impressum - impara-learning","og_description":"Wir bieten ganzheitliche L\u00f6sungen, um mit modernen, digitalen Lernmethoden, Systemen und Services ihr Unternehmen erfolgreicher zu machen. Wir helfen dabei, das im Unternehmen vorhandene Wissen zentral und zielgerichtet verf\u00fcgbar zu machen, denn niemand wei\u00df mehr als die Menschen, die schon im Unternehmen sind.","og_url":"https:\/\/www.impara-learning.de\/?page_id=406","og_site_name":"impara-learning","article_modified_time":"2024-08-30T09:02:20+00:00","og_image":[{"width":1200,"height":675,"url":"https:\/\/www.impara-learning.de\/wp-content\/uploads\/2024\/08\/web-bild.png","type":"image\/png"}],"twitter_card":"summary_large_image","twitter_misc":{"Gesch\u00e4tzte Lesezeit":"1\u00a0Minute"},"schema":{"@context":"https:\/\/schema.org","@graph":[{"@type":"WebPage","@id":"https:\/\/www.impara-learning.de\/?page_id=406","url":"https:\/\/www.impara-learning.de\/?page_id=406","name":"Impressum - impara-learning","isPartOf":{"@id":"https:\/\/www.impara-learning.de\/#website"},"datePublished":"2024-08-22T09:41:25+00:00","dateModified":"2024-08-30T09:02:20+00:00","description":"Wir bieten ganzheitliche L\u00f6sungen, um mit modernen, digitalen Lernmethoden, Systemen und Services ihr Unternehmen erfolgreicher zu machen. Wir helfen dabei, das im Unternehmen vorhandene Wissen zentral und zielgerichtet verf\u00fcgbar zu machen, denn niemand wei\u00df mehr als die Menschen, die schon im Unternehmen sind.","breadcrumb":{"@id":"https:\/\/www.impara-learning.de\/?page_id=406#breadcrumb"},"inLanguage":"de","potentialAction":[{"@type":"ReadAction","target":["https:\/\/www.impara-learning.de\/?page_id=406"]}]},{"@type":"BreadcrumbList","@id":"https:\/\/www.impara-learning.de\/?page_id=406#breadcrumb","itemListElement":[{"@type":"ListItem","position":1,"name":"Startseite","item":"https:\/\/www.impara-learning.de\/"},{"@type":"ListItem","position":2,"name":"Impressum"}]},{"@type":"WebSite","@id":"https:\/\/www.impara-learning.de\/#website","url":"https:\/\/www.impara-learning.de\/","name":"impara-learning","description":"consulting &amp; learning solutions","publisher":{"@id":"https:\/\/www.impara-learning.de\/#organization"},"potentialAction":[{"@type":"SearchAction","target":{"@type":"EntryPoint","urlTemplate":"https:\/\/www.impara-learning.de\/?s={search_term_string}"},"query-input":{"@type":"PropertyValueSpecification","valueRequired":true,"valueName":"search_term_string"}}],"inLanguage":"de"},{"@type":"Organization","@id":"https:\/\/www.impara-learning.de\/#organization","name":"impara-learning","url":"https:\/\/www.impara-learning.de\/","logo":{"@type":"ImageObject","inLanguage":"de","@id":"https:\/\/www.impara-learning.de\/#\/schema\/logo\/image\/","url":"https:\/\/www.impara-learning.de\/wp-content\/uploads\/2024\/08\/logo-1-e1724282449387.png","contentUrl":"https:\/\/www.impara-learning.de\/wp-content\/uploads\/2024\/08\/logo-1-e1724282449387.png","width":216,"height":51,"caption":"impara-learning"},"image":{"@id":"https:\/\/www.impara-learning.de\/#\/schema\/logo\/image\/"},"sameAs":["https:\/\/www.linkedin.com\/company\/impara-consulting-learning-solutions\/?viewAsMember=true"]}]}},"_links":{"self":[{"href":"https:\/\/www.impara-learning.de\/index.php?rest_route=\/wp\/v2\/pages\/406"}],"collection":[{"href":"https:\/\/www.impara-learning.de\/index.php?rest_route=\/wp\/v2\/pages"}],"about":[{"href":"https:\/\/www.impara-learning.de\/index.php?rest_route=\/wp\/v2\/types\/page"}],"author":[{"embeddable":true,"href":"https:\/\/www.impara-learning.de\/index.php?rest_route=\/wp\/v2\/users\/2"}],"replies":[{"embeddable":true,"href":"https:\/\/www.impara-learning.de\/index.php?rest_route=%2Fwp%2Fv2%2Fcomments&post=406"}],"version-history":[{"count":0,"href":"https:\/\/www.impara-learning.de\/index.php?rest_route=\/wp\/v2\/pages\/406\/revisions"}],"wp:attachment":[{"href":"https:\/\/www.impara-learning.de\/index.php?rest_route=%2Fwp%2Fv2%2Fmedia&parent=406"}],"curies":[{"name":"wp","href":"https:\/\/api.w.org\/{rel}","templated":true}]}}